{"id":9,"date":"2014-02-11T18:39:06","date_gmt":"2014-02-11T16:39:06","guid":{"rendered":"http:\/\/schenkenburg.wepro.vautronserver.de\/?page_id=9"},"modified":"2020-06-15T12:29:30","modified_gmt":"2020-06-15T10:29:30","slug":"die-burg","status":"publish","type":"page","link":"https:\/\/schenkenburg.de\/index.php\/die-burg\/","title":{"rendered":"Die Burg"},"content":{"rendered":"<p><span style=\"text-decoration: underline;\"><b>Die Schenkenburg<img loading=\"lazy\" decoding=\"async\" id=\"Picture7\" src=\"http:\/\/schenkenburg.de\/assets\/images\/schenkenburgntu1kl.JPG\" alt=\"\" width=\"180\" height=\"263\" align=\"RIGHT\" border=\"0\" hspace=\"10\" vspace=\"0\" \/><\/b><\/span><\/p>\n<p><i>Die Lage der Burg<\/i><br \/>\nEinige Minuten unterhalb dem Dorfe Schenkenzell steht eine kr\u00e4ftige Bergnase vom rechtsseitigen Talhang in die Talaue hervor und zwingt den Flu\u00df, dieselbe in weitem Bogen zu umflie\u00dfen. Dieser Bergr\u00fccken gab gen\u00fcgend Raum zur Anlage einer Burg. Trotz geringer H\u00f6he beherrscht man vom Schlo\u00dfberg<br \/>\n(391 m \u00fc.M.) das Kinzigtal von Schiltach bis in die Berge oberhalb von Schenkenzell. Ihre isolierte Lage auf dem schmalen Felsr\u00fccken machte sie zu einem festen und wohlbewehrten Platz.<\/p>\n<p><b><i>Die Burganlage<\/i><\/b><br \/>\nDie Anlage der Burg ist aus dem anliegenden Grundri\u00df ersichtlich.<\/p>\n<p style=\"text-align: center;\"><img loading=\"lazy\" decoding=\"async\" class=\"alignnone size-medium wp-image-102\" src=\"https:\/\/schenk.wepro.net\/wp-content\/uploads\/2020\/06\/schenkenburgndr2-300x217.jpg\" alt=\"\" width=\"300\" height=\"217\" srcset=\"https:\/\/schenkenburg.de\/wp-content\/uploads\/2020\/06\/schenkenburgndr2-300x217.jpg 300w, https:\/\/schenkenburg.de\/wp-content\/uploads\/2020\/06\/schenkenburgndr2.jpg 373w\" sizes=\"auto, (max-width: 300px) 100vw, 300px\" \/><\/p>\n","protected":false},"excerpt":{"rendered":"<p>Die Schenkenburg Die Lage der Burg Einige Minuten unterhalb dem Dorfe Schenkenzell steht eine kr\u00e4ftige Bergnase vom rechtsseitigen Talhang in die Talaue hervor und zwingt den Flu\u00df, dieselbe in weitem Bogen zu umflie\u00dfen. Dieser Bergr\u00fccken gab gen\u00fcgend Raum zur Anlage einer Burg. Trotz geringer H\u00f6he beherrscht man vom Schlo\u00dfberg (391 m \u00fc.M.) das Kinzigtal von [&hellip;]<\/p>\n","protected":false},"author":1,"featured_media":0,"parent":0,"menu_order":1,"comment_status":"closed","ping_status":"closed","template":"page-templates\/full-width.php","meta":{"footnotes":""},"class_list":["post-9","page","type-page","status-publish","hentry"],"_links":{"self":[{"href":"https:\/\/schenkenburg.de\/index.php\/wp-json\/wp\/v2\/pages\/9","targetHints":{"allow":["GET"]}}],"collection":[{"href":"https:\/\/schenkenburg.de\/index.php\/wp-json\/wp\/v2\/pages"}],"about":[{"href":"https:\/\/schenkenburg.de\/index.php\/wp-json\/wp\/v2\/types\/page"}],"author":[{"embeddable":true,"href":"https:\/\/schenkenburg.de\/index.php\/wp-json\/wp\/v2\/users\/1"}],"replies":[{"embeddable":true,"href":"https:\/\/schenkenburg.de\/index.php\/wp-json\/wp\/v2\/comments?post=9"}],"version-history":[{"count":1,"href":"https:\/\/schenkenburg.de\/index.php\/wp-json\/wp\/v2\/pages\/9\/revisions"}],"predecessor-version":[{"id":132,"href":"https:\/\/schenkenburg.de\/index.php\/wp-json\/wp\/v2\/pages\/9\/revisions\/132"}],"wp:attachment":[{"href":"https:\/\/schenkenburg.de\/index.php\/wp-json\/wp\/v2\/media?parent=9"}],"curies":[{"name":"wp","href":"https:\/\/api.w.org\/{rel}","templated":true}]}}