{"id":7,"date":"2014-02-11T18:38:02","date_gmt":"2014-02-11T16:38:02","guid":{"rendered":"http:\/\/schenkenburg.wepro.vautronserver.de\/?page_id=7"},"modified":"2020-06-15T12:28:07","modified_gmt":"2020-06-15T10:28:07","slug":"schenkenburg","status":"publish","type":"page","link":"https:\/\/schenkenburg.de\/","title":{"rendered":"Die Schenkenburg"},"content":{"rendered":"\n<div class=\"wp-block-group\"><div class=\"wp-block-group__inner-container is-layout-flow wp-block-group-is-layout-flow\">\n<p><i><img loading=\"lazy\" decoding=\"async\" class=\"size-medium wp-image-91 alignleft\" src=\"https:\/\/schenk.wepro.net\/wp-content\/uploads\/2020\/06\/schenkenburgENKneu-266x300.jpg\" alt=\"\" width=\"266\" height=\"300\" srcset=\"https:\/\/schenkenburg.de\/wp-content\/uploads\/2020\/06\/schenkenburgENKneu-266x300.jpg 266w, https:\/\/schenkenburg.de\/wp-content\/uploads\/2020\/06\/schenkenburgENKneu.jpg 269w\" sizes=\"auto, (max-width: 266px) 100vw, 266px\" \/>Historische Quellennachweise<\/i><\/p>\n<ul>\n<li>Reinhard. Pragmatische Geschichte des Hauses Geroldseck wie auch derer Reichsherrschaften Hohengeroldseck, Lahr und Mahlberg in Schwaben. Frankfurt und Leipzig 1766<img loading=\"lazy\" decoding=\"async\" class=\"size-full wp-image-89 alignright\" src=\"https:\/\/schenk.wepro.net\/wp-content\/uploads\/2020\/06\/schenkenburgcka1kl.jpg\" alt=\"\" width=\"120\" height=\"207\" \/><\/li>\n<li>F\u00fcrstenbergisches Urkundenbuch, herausgegeben von dem F\u00fcrstlichen Archive in Donaueschingen. Band I-VII. T\u00fcbingen 1877 bis 1891.<\/li>\n<li>Mitteilungen aus dem F\u00fcrstenbergischeen Archive. Band I und II. T\u00fcbingen 1894 und 1902.<\/li>\n<li>Hermann Fautz. Die Schenkenburg und die Herrschaft Schenkenzell. 1954.<\/li>\n<li>Urkunden und Unterlagen aus dem Archiv der Sewalder.<\/li>\n<\/ul>\n<\/div><\/div>\n","protected":false},"excerpt":{"rendered":"<p>Historische Quellennachweise Reinhard. Pragmatische Geschichte des Hauses Geroldseck wie auch derer Reichsherrschaften Hohengeroldseck, Lahr und Mahlberg in Schwaben. Frankfurt und Leipzig 1766 F\u00fcrstenbergisches Urkundenbuch, herausgegeben von dem F\u00fcrstlichen Archive in Donaueschingen. Band I-VII. T\u00fcbingen 1877 bis 1891. Mitteilungen aus dem F\u00fcrstenbergischeen Archive. Band I und II. T\u00fcbingen 1894 und 1902. Hermann Fautz. Die Schenkenburg und [&hellip;]<\/p>\n","protected":false},"author":1,"featured_media":0,"parent":0,"menu_order":0,"comment_status":"closed","ping_status":"closed","template":"page-templates\/front-page.php","meta":{"footnotes":""},"class_list":["post-7","page","type-page","status-publish","hentry"],"_links":{"self":[{"href":"https:\/\/schenkenburg.de\/index.php\/wp-json\/wp\/v2\/pages\/7","targetHints":{"allow":["GET"]}}],"collection":[{"href":"https:\/\/schenkenburg.de\/index.php\/wp-json\/wp\/v2\/pages"}],"about":[{"href":"https:\/\/schenkenburg.de\/index.php\/wp-json\/wp\/v2\/types\/page"}],"author":[{"embeddable":true,"href":"https:\/\/schenkenburg.de\/index.php\/wp-json\/wp\/v2\/users\/1"}],"replies":[{"embeddable":true,"href":"https:\/\/schenkenburg.de\/index.php\/wp-json\/wp\/v2\/comments?post=7"}],"version-history":[{"count":5,"href":"https:\/\/schenkenburg.de\/index.php\/wp-json\/wp\/v2\/pages\/7\/revisions"}],"predecessor-version":[{"id":131,"href":"https:\/\/schenkenburg.de\/index.php\/wp-json\/wp\/v2\/pages\/7\/revisions\/131"}],"wp:attachment":[{"href":"https:\/\/schenkenburg.de\/index.php\/wp-json\/wp\/v2\/media?parent=7"}],"curies":[{"name":"wp","href":"https:\/\/api.w.org\/{rel}","templated":true}]}}