{"id":54,"date":"2014-02-15T17:46:24","date_gmt":"2014-02-15T15:46:24","guid":{"rendered":"http:\/\/schenkenburg.de\/?page_id=54"},"modified":"2014-02-15T17:46:24","modified_gmt":"2014-02-15T15:46:24","slug":"impresssum","status":"publish","type":"page","link":"https:\/\/schenkenburg.de\/index.php\/impresssum\/","title":{"rendered":"Impressum"},"content":{"rendered":"<h2><span style=\"font-family: Arial, Helvetica, sans-serif;\">Impressum<\/span><\/h2>\n<h3><span style=\"font-family: Arial, Helvetica, sans-serif;\">Angaben gem\u00e4\u00df \u00a7 5 TMG:<\/span><\/h3>\n<p><span style=\"font-family: Arial, Helvetica, sans-serif;\">Robert Sewald<br \/>\n<\/span><span style=\"font-family: Arial, Helvetica, sans-serif;\">Rathausstr. 18<br \/>\n82008 Unterhaching<\/span><\/p>\n<h3><span style=\"font-family: Arial, Helvetica, sans-serif;\">Kontakt:<\/span><\/h3>\n<p><span style=\"font-family: Arial, Helvetica, sans-serif;\"> phone: 089-6114875<br \/>\nmail: <a href=\"mailto:rs@schenkenburg.de\">rs@schenkenburg.de<\/a> <\/span><\/p>\n<h3><span style=\"font-family: Arial, Helvetica, sans-serif;\"> Umsatzsteuer-ID: <\/span><\/h3>\n<p><span style=\"font-family: Arial, Helvetica, sans-serif;\"> USt-IdNr.: DE 158326651<\/span><\/p>\n<h3><span style=\"font-family: Arial, Helvetica, sans-serif;\"> Haftungsausschluss (Disclaimer) <\/span><\/h3>\n<p><span style=\"font-family: Arial, Helvetica, sans-serif;\">Haftung f\u00fcr Inhalte<br \/>\nAls Diensteanbieter sind wir gem\u00e4\u00df \u00a7 7 Abs.1 TMG f\u00fcr eigene Inhalte auf diesen Seiten nach den allgemeinen Gesetzen verantwortlich.<br \/>\nNach \u00a7\u00a7 8 bis 10 TMG sind wir als Diensteanbieter jedoch nicht verpflichtet, \u00fcbermittelte oder gespeicherte fremde Informationen zu \u00fcberwachen oder nach Umst\u00e4nden zu forschen, die auf eine rechtswidrige T\u00e4tigkeit hinweisen. Verpflichtungen zur Entfernung oder Sperrung der Nutzung von Informationen nach den allgemeinen Gesetzen bleiben hiervon unber\u00fchrt.<br \/>\nEine diesbez\u00fcgliche Haftung ist jedoch erst ab dem Zeitpunkt der Kenntnis einer konkreten Rechtsverletzung m\u00f6glich.<br \/>\nBei Bekanntwerden von entsprechenden Rechtsverletzungen werden wir diese Inhalte umgehend entfernen.<\/span><\/p>\n<p>&nbsp;<\/p>\n<p>&nbsp;<\/p>\n","protected":false},"excerpt":{"rendered":"<p>Impressum Angaben gem\u00e4\u00df \u00a7 5 TMG: Robert Sewald Rathausstr. 18 82008 Unterhaching Kontakt: phone: 089-6114875 mail: rs@schenkenburg.de Umsatzsteuer-ID: USt-IdNr.: DE 158326651 Haftungsausschluss (Disclaimer) Haftung f\u00fcr Inhalte Als Diensteanbieter sind wir gem\u00e4\u00df \u00a7 7 Abs.1 TMG f\u00fcr eigene Inhalte auf diesen Seiten nach den allgemeinen Gesetzen verantwortlich. Nach \u00a7\u00a7 8 bis 10 TMG sind wir als [&hellip;]<\/p>\n","protected":false},"author":1,"featured_media":0,"parent":0,"menu_order":5,"comment_status":"closed","ping_status":"closed","template":"page-templates\/full-width.php","meta":{"footnotes":""},"class_list":["post-54","page","type-page","status-publish","hentry"],"_links":{"self":[{"href":"https:\/\/schenkenburg.de\/index.php\/wp-json\/wp\/v2\/pages\/54","targetHints":{"allow":["GET"]}}],"collection":[{"href":"https:\/\/schenkenburg.de\/index.php\/wp-json\/wp\/v2\/pages"}],"about":[{"href":"https:\/\/schenkenburg.de\/index.php\/wp-json\/wp\/v2\/types\/page"}],"author":[{"embeddable":true,"href":"https:\/\/schenkenburg.de\/index.php\/wp-json\/wp\/v2\/users\/1"}],"replies":[{"embeddable":true,"href":"https:\/\/schenkenburg.de\/index.php\/wp-json\/wp\/v2\/comments?post=54"}],"version-history":[{"count":0,"href":"https:\/\/schenkenburg.de\/index.php\/wp-json\/wp\/v2\/pages\/54\/revisions"}],"wp:attachment":[{"href":"https:\/\/schenkenburg.de\/index.php\/wp-json\/wp\/v2\/media?parent=54"}],"curies":[{"name":"wp","href":"https:\/\/api.w.org\/{rel}","templated":true}]}}