{"id":25,"date":"2014-02-14T16:51:24","date_gmt":"2014-02-14T14:51:24","guid":{"rendered":"http:\/\/schenkenburg.wepro.net\/?page_id=25"},"modified":"2014-02-14T16:51:24","modified_gmt":"2014-02-14T14:51:24","slug":"der-burgfried","status":"publish","type":"page","link":"https:\/\/schenkenburg.de\/index.php\/die-burg\/der-burgfried\/","title":{"rendered":"Der Burgfried"},"content":{"rendered":"<p><b><i>Der Bergfried (H)<\/i><\/b><br \/>\nDer massige Bergfried, als h\u00f6chstes und st\u00e4rkstes Bauwerk der ganzen Burganlage erhebt sich hart \u00fcber dem Halsgraben in der Nordostecke. Er diente als Schild f\u00fcr die dahinterliegende Burg, als Warte und als Zufluchtsort f\u00fcr die Burginsassen. <img loading=\"lazy\" decoding=\"async\" class=\"alignleft\" id=\"Picture2\" style=\"margin: 20px; border: 0px none;\" alt=\"\" src=\"http:\/\/schenkenburg.de\/assets\/images\/schenkenburgntu2kl.JPG\" width=\"209\" height=\"295\" align=\"LEFT\" border=\"0\" hspace=\"20\" vspace=\"20\" \/>Der quadratische Turm mit 9 x 9 m Au\u00dfenma\u00df ist auf dem h\u00f6chsten Punkt des Burgberinges erstellt.<br \/>\nEr umschlie\u00dft einen Innenraum vo ca. 3 x 3 m. Seine Grundmauern sind ebenfalls 3 m stark.<br \/>\nDie inneren Wandungen zeigen sorgf\u00e4ltig gehauen, glatte Sandsteinquader, die Au\u00dfenw\u00e4nde sind aus Buckelquadern errichtet. Den Zwischenraum f\u00fcllt ein Gu\u00dfmauerwerk aus Granitbruchsteinen, gebettet in Kalkm\u00f6rtel, aus. Der Zugang erfolgte \u00fcber den Palas. Der Bergfried war nat\u00fcrlich zu Verteidigungs- und Wohnzwecken eingerichtet.<\/p>\n","protected":false},"excerpt":{"rendered":"<p>Der Bergfried (H) Der massige Bergfried, als h\u00f6chstes und st\u00e4rkstes Bauwerk der ganzen Burganlage erhebt sich hart \u00fcber dem Halsgraben in der Nordostecke. Er diente als Schild f\u00fcr die dahinterliegende Burg, als Warte und als Zufluchtsort f\u00fcr die Burginsassen. Der quadratische Turm mit 9 x 9 m Au\u00dfenma\u00df ist auf dem h\u00f6chsten Punkt des Burgberinges [&hellip;]<\/p>\n","protected":false},"author":1,"featured_media":0,"parent":9,"menu_order":0,"comment_status":"closed","ping_status":"closed","template":"page-templates\/full-width.php","meta":{"footnotes":""},"class_list":["post-25","page","type-page","status-publish","hentry"],"_links":{"self":[{"href":"https:\/\/schenkenburg.de\/index.php\/wp-json\/wp\/v2\/pages\/25","targetHints":{"allow":["GET"]}}],"collection":[{"href":"https:\/\/schenkenburg.de\/index.php\/wp-json\/wp\/v2\/pages"}],"about":[{"href":"https:\/\/schenkenburg.de\/index.php\/wp-json\/wp\/v2\/types\/page"}],"author":[{"embeddable":true,"href":"https:\/\/schenkenburg.de\/index.php\/wp-json\/wp\/v2\/users\/1"}],"replies":[{"embeddable":true,"href":"https:\/\/schenkenburg.de\/index.php\/wp-json\/wp\/v2\/comments?post=25"}],"version-history":[{"count":0,"href":"https:\/\/schenkenburg.de\/index.php\/wp-json\/wp\/v2\/pages\/25\/revisions"}],"up":[{"embeddable":true,"href":"https:\/\/schenkenburg.de\/index.php\/wp-json\/wp\/v2\/pages\/9"}],"wp:attachment":[{"href":"https:\/\/schenkenburg.de\/index.php\/wp-json\/wp\/v2\/media?parent=25"}],"curies":[{"name":"wp","href":"https:\/\/api.w.org\/{rel}","templated":true}]}}