{"id":24,"date":"2014-02-14T16:50:52","date_gmt":"2014-02-14T14:50:52","guid":{"rendered":"http:\/\/schenkenburg.wepro.net\/?page_id=23"},"modified":"2014-02-14T16:50:52","modified_gmt":"2014-02-14T14:50:52","slug":"die-zwinger","status":"publish","type":"page","link":"https:\/\/schenkenburg.de\/index.php\/die-burg\/die-zwinger\/","title":{"rendered":"Die Zwinger"},"content":{"rendered":"<p><b><i>Die Zwinger (F, G)<\/i><\/b><br \/>\nAm Osthang springt an einem Wirtschaftsgeb\u00e4ude ein etwa 80 cm starkes Mauerst\u00fcck hervor, an das die Ringmauer ansetzt. Sie folgt etwa 12 m weit dem Osthang entlang und f\u00fchrt von da ab in zwei Z\u00fcgen von ebenfalls 12 m Abstand um die ganze S\u00fcd- und Westflanke des Berges herum, bis sie am Halsgraben an die kr\u00e4ftige Mauer anst\u00f6\u00dft, die vom Palas aus gegen Westen zieht und als hoher Schild die beiden Zwinger gegen Einsichtnahme von der Bergseite sch\u00fctzt. Die \u00e4u\u00dfere Ringmauer ist bei einer durchschnittlichen H\u00f6he von 3,5 m etwa 65 bis 80 cm stark und etwa 80 m lang. Der \u00e4u\u00dfere Zwinger erreicht 12 m Breite und wird vom Mauerkranz des inneren Zwingers um etwa 10 m \u00fcberh\u00f6ht. Der Zugang befand sich wahrscheinlich im S\u00fcdosten. Vermutlich f\u00fchrte eine Treppenanlage an der Schildmauer vom inneren Zwinger zu ihm herab. Der innere Zwinger (G).<img loading=\"lazy\" decoding=\"async\" class=\"alignleft\" id=\"Picture2\" style=\"margin: 10px; border: 0px none;\" alt=\"\" src=\"http:\/\/schenkenburg.de\/assets\/images\/schenkenburgerb1kl.JPG\" width=\"207\" height=\"147\" align=\"LEFT\" border=\"0\" hspace=\"10\" vspace=\"10\" \/> Beinahe parallel zur \u00e4u\u00dferen Ringmauer l\u00e4uft eine zweite, welche den inneren Zwinger umschlie\u00dft. Sie erreicht eine H\u00f6he von 4 m und ist auf dem gewachsenen Felsen errichtet, ihre St\u00e4rke bet\u00e4gt durchschnittlich 1 m. Der innere Mauerzug ist gleichzeitig mit der Hochburg erbaut worden, er weist denselben Gesteinsverband wie diese auf. Die beiden Ringmauern vermochten die Burg zu sch\u00fctzen, die auf dem Scheitel des Bergr\u00fcckens mit ihren drei Geb\u00e4uden einen kleinen Burghof umschlie\u00dft. Der \u00fcberbaute Raum in Form eines unregelm\u00e4\u00dfigen Vierecks stellt eine Gr\u00f6\u00dfe von ungef\u00e4hr 33 x 17 m dar.<\/p>\n","protected":false},"excerpt":{"rendered":"<p>Die Zwinger (F, G) Am Osthang springt an einem Wirtschaftsgeb\u00e4ude ein etwa 80 cm starkes Mauerst\u00fcck hervor, an das die Ringmauer ansetzt. Sie folgt etwa 12 m weit dem Osthang entlang und f\u00fchrt von da ab in zwei Z\u00fcgen von ebenfalls 12 m Abstand um die ganze S\u00fcd- und Westflanke des Berges herum, bis sie [&hellip;]<\/p>\n","protected":false},"author":1,"featured_media":0,"parent":9,"menu_order":0,"comment_status":"closed","ping_status":"closed","template":"page-templates\/full-width.php","meta":{"footnotes":""},"class_list":["post-24","page","type-page","status-publish","hentry"],"_links":{"self":[{"href":"https:\/\/schenkenburg.de\/index.php\/wp-json\/wp\/v2\/pages\/24","targetHints":{"allow":["GET"]}}],"collection":[{"href":"https:\/\/schenkenburg.de\/index.php\/wp-json\/wp\/v2\/pages"}],"about":[{"href":"https:\/\/schenkenburg.de\/index.php\/wp-json\/wp\/v2\/types\/page"}],"author":[{"embeddable":true,"href":"https:\/\/schenkenburg.de\/index.php\/wp-json\/wp\/v2\/users\/1"}],"replies":[{"embeddable":true,"href":"https:\/\/schenkenburg.de\/index.php\/wp-json\/wp\/v2\/comments?post=24"}],"version-history":[{"count":0,"href":"https:\/\/schenkenburg.de\/index.php\/wp-json\/wp\/v2\/pages\/24\/revisions"}],"up":[{"embeddable":true,"href":"https:\/\/schenkenburg.de\/index.php\/wp-json\/wp\/v2\/pages\/9"}],"wp:attachment":[{"href":"https:\/\/schenkenburg.de\/index.php\/wp-json\/wp\/v2\/media?parent=24"}],"curies":[{"name":"wp","href":"https:\/\/api.w.org\/{rel}","templated":true}]}}