{"id":23,"date":"2014-02-14T16:50:16","date_gmt":"2014-02-14T14:50:16","guid":{"rendered":"http:\/\/schenkenburg.wepro.net\/?page_id=21"},"modified":"2014-02-14T16:50:16","modified_gmt":"2014-02-14T14:50:16","slug":"die-vorwerke","status":"publish","type":"page","link":"https:\/\/schenkenburg.de\/index.php\/die-burg\/die-vorwerke\/","title":{"rendered":"Die Vorwerke"},"content":{"rendered":"<p><b><i>Die Vorwerke<\/i><\/b><br \/>\nDie Hochburg ist durch einen etwa 18 m breiten und 15 m tiefen k\u00fcnstlichen Halsgraben (A) vom Berg getrennt. Der r\u00fcckwertige Felsr\u00fccken ist durch kurze, steilwandige Gr\u00e4ben in drei etwa 6 bis 8 m lange und ebenso breite Vorwerke (B) aufgel\u00f6st. Daran entlang f\u00fchrte der schmale Burgweg (C) am Westhang hinauf auf den Br\u00fcckenkopf und \u00fcber eine Zugbr\u00fccke zur Burg. Der Burgeingang (D) befindet sich zwischen Palas und Bergfried und konnte von diesen beiden Wehrbauten aus gut verteidigt werden. <img loading=\"lazy\" decoding=\"async\" id=\"Picture1\" alt=\"\" src=\"http:\/\/schenkenburg.de\/assets\/images\/schenkenburgstiegkl.JPG\" width=\"168\" height=\"236\" align=\"RIGHT\" border=\"0\" hspace=\"10\" vspace=\"10\" \/>An der Stelle des Tores ist der Mauerzug unterbrochen, so l\u00e4\u00dft sich \u00fcber die Gestaltung desselben nichts sagen. Die gesamte Burganlage pa\u00dft sich dem Gel\u00e4nde in Form eines unregelm\u00e4\u00dfigen l\u00e4nglichen F\u00fcnfeckes von etwa 60 m L\u00e4nge und 40 m Breite an. Die Ostflanke war durch den Steilabfall zum Kinzigflu\u00df gut gesichert und weist deshalb keien besonderen Verteidigungswerke auf. Die Ecke am Halsgraben nimmt der Bergfried ein. Er und das im Burghof liegende Wirtschaftsgeb\u00e4ude bilden mit ihren Grundmauern den k\u00fcnstlichen Abschlu\u00df des Steilhanges. Ihre unteren Geschosse waren wohl zu Verteidigungszwecken eingerichtet. Eine \u00e4u\u00dfere Ringmauer musste aufgrund der Gel\u00e4ndebeschaffenheit nicht errichtet werden.<\/p>\n","protected":false},"excerpt":{"rendered":"<p>Die Vorwerke Die Hochburg ist durch einen etwa 18 m breiten und 15 m tiefen k\u00fcnstlichen Halsgraben (A) vom Berg getrennt. Der r\u00fcckwertige Felsr\u00fccken ist durch kurze, steilwandige Gr\u00e4ben in drei etwa 6 bis 8 m lange und ebenso breite Vorwerke (B) aufgel\u00f6st. Daran entlang f\u00fchrte der schmale Burgweg (C) am Westhang hinauf auf den [&hellip;]<\/p>\n","protected":false},"author":1,"featured_media":0,"parent":9,"menu_order":0,"comment_status":"closed","ping_status":"closed","template":"page-templates\/full-width.php","meta":{"footnotes":""},"class_list":["post-23","page","type-page","status-publish","hentry"],"_links":{"self":[{"href":"https:\/\/schenkenburg.de\/index.php\/wp-json\/wp\/v2\/pages\/23","targetHints":{"allow":["GET"]}}],"collection":[{"href":"https:\/\/schenkenburg.de\/index.php\/wp-json\/wp\/v2\/pages"}],"about":[{"href":"https:\/\/schenkenburg.de\/index.php\/wp-json\/wp\/v2\/types\/page"}],"author":[{"embeddable":true,"href":"https:\/\/schenkenburg.de\/index.php\/wp-json\/wp\/v2\/users\/1"}],"replies":[{"embeddable":true,"href":"https:\/\/schenkenburg.de\/index.php\/wp-json\/wp\/v2\/comments?post=23"}],"version-history":[{"count":0,"href":"https:\/\/schenkenburg.de\/index.php\/wp-json\/wp\/v2\/pages\/23\/revisions"}],"up":[{"embeddable":true,"href":"https:\/\/schenkenburg.de\/index.php\/wp-json\/wp\/v2\/pages\/9"}],"wp:attachment":[{"href":"https:\/\/schenkenburg.de\/index.php\/wp-json\/wp\/v2\/media?parent=23"}],"curies":[{"name":"wp","href":"https:\/\/api.w.org\/{rel}","templated":true}]}}