{"id":19,"date":"2014-02-14T16:49:36","date_gmt":"2014-02-14T14:49:36","guid":{"rendered":"http:\/\/schenkenburg.wepro.net\/?page_id=19"},"modified":"2014-02-14T16:49:36","modified_gmt":"2014-02-14T14:49:36","slug":"die-entstehung","status":"publish","type":"page","link":"https:\/\/schenkenburg.de\/index.php\/die-burg\/die-entstehung\/","title":{"rendered":"Die Entstehung"},"content":{"rendered":"<p><b><i>Die Entstehung der Schenkenburg<img loading=\"lazy\" decoding=\"async\" class=\"alignright\" id=\"Picture1\" style=\"margin: 10px; border: 0px none;\" alt=\"\" src=\"http:\/\/schenkenburg.de\/assets\/images\/schenkenburgerb1kl.JPG\" width=\"207\" height=\"147\" align=\"RIGHT\" border=\"0\" hspace=\"10\" vspace=\"10\" \/><\/i><\/b><br \/>\nDas obere Kinzigtal hat ehemals zur Grafschaft Sulz a.N. geh\u00f6rt. Die Grafenrechte haben dort lange Zeit die Herren von Geroldseck ausge\u00fcbt. Nach einer um das Jahr 1530 geschriebenen Chronik dieses Geschlechts (sog. Pappenheimsche Chronik) soll dasselbe ums Jahr 800 mit Karl d. Gr. nach Deutschland gekommen sein und hat sich das Gebiet zwischen Rhein, Bleich, Kinzig und oberem Neckar quer \u00fcber den Schwarzwald erworben. Die Herren von Hohengeroldseck (vermutlich Walter I., gest. 1277) haben die Schenkenburg erbaut. Ihr weitl\u00e4ufiger Besitz hier im Gebirge hat die Errichtung eines festen Platzes, von dem aus diese Gebiete verwaltet werden konnten, verlangt. Auch ohne Urkunde, die das Jahr der Erbauung der Burg verbrieft k\u00f6nnen wir die Entstehung in die erste H\u00e4lfte des 13. Jahrhundert verlegen. Sie geh\u00f6rt wie die Burg Hohengerolseck zu den \u00e4ltesten Wehranlagen im Kinzigtal.<\/p>\n","protected":false},"excerpt":{"rendered":"<p>Die Entstehung der Schenkenburg Das obere Kinzigtal hat ehemals zur Grafschaft Sulz a.N. geh\u00f6rt. Die Grafenrechte haben dort lange Zeit die Herren von Geroldseck ausge\u00fcbt. Nach einer um das Jahr 1530 geschriebenen Chronik dieses Geschlechts (sog. Pappenheimsche Chronik) soll dasselbe ums Jahr 800 mit Karl d. Gr. nach Deutschland gekommen sein und hat sich das [&hellip;]<\/p>\n","protected":false},"author":1,"featured_media":0,"parent":9,"menu_order":0,"comment_status":"closed","ping_status":"closed","template":"page-templates\/full-width.php","meta":{"footnotes":""},"class_list":["post-19","page","type-page","status-publish","hentry"],"_links":{"self":[{"href":"https:\/\/schenkenburg.de\/index.php\/wp-json\/wp\/v2\/pages\/19","targetHints":{"allow":["GET"]}}],"collection":[{"href":"https:\/\/schenkenburg.de\/index.php\/wp-json\/wp\/v2\/pages"}],"about":[{"href":"https:\/\/schenkenburg.de\/index.php\/wp-json\/wp\/v2\/types\/page"}],"author":[{"embeddable":true,"href":"https:\/\/schenkenburg.de\/index.php\/wp-json\/wp\/v2\/users\/1"}],"replies":[{"embeddable":true,"href":"https:\/\/schenkenburg.de\/index.php\/wp-json\/wp\/v2\/comments?post=19"}],"version-history":[{"count":0,"href":"https:\/\/schenkenburg.de\/index.php\/wp-json\/wp\/v2\/pages\/19\/revisions"}],"up":[{"embeddable":true,"href":"https:\/\/schenkenburg.de\/index.php\/wp-json\/wp\/v2\/pages\/9"}],"wp:attachment":[{"href":"https:\/\/schenkenburg.de\/index.php\/wp-json\/wp\/v2\/media?parent=19"}],"curies":[{"name":"wp","href":"https:\/\/api.w.org\/{rel}","templated":true}]}}